{"id":167,"date":"2018-02-13T11:22:38","date_gmt":"2018-02-13T09:22:38","guid":{"rendered":"http:\/\/stefanmusik.at\/?page_id=167"},"modified":"2021-08-17T09:35:31","modified_gmt":"2021-08-17T07:35:31","slug":"impressum","status":"publish","type":"page","link":"https:\/\/www.stefanmusik.at\/?page_id=167","title":{"rendered":"Impressum"},"content":{"rendered":"<h3 style=\"text-align: center;\">IMPRESSUM<\/h3>\n<p>\u00a0 Informationspflicht E-Commerce-Gesetz Gesch\u00e4ftsbezeichnung und Name: Stefan Musik \/ Kerber Stefan Unternehmensgegenstand: Alleinunterhalter PLZ\/Ort: A-6652 Elbigenalp, Obergiblen 5 Telefon: +43 (0) 676 8245 8796 E-Mail: info@stefanmusik.at Bilddaten: Ratko Photography Disclaimer: Wir \u00fcbernehmen keinerlei Gew\u00e4hr f\u00fcr die Aktualit\u00e4t, Korrektheit, Vollst\u00e4ndigkeit oder Qualit\u00e4t der bereitgestellten Informationen. Datenschutz: Ihre pers\u00f6nlichen Daten werden selbstverst\u00e4ndlich vertraulich behandelt und nicht an Dritte weitergegeben.<\/p>\n","protected":false},"excerpt":{"rendered":"<p>IMPRESSUM \u00a0 Informationspflicht E-Commerce-Gesetz Gesch\u00e4ftsbezeichnung und Name: Stefan Musik \/ Kerber Stefan Unternehmensgegenstand: Alleinunterhalter PLZ\/Ort: A-6652 Elbigenalp, Obergiblen 5 Telefon: +43 (0) 676 8245 8796 E-Mail: info@stefanmusik.at Bilddaten: Ratko Photography Disclaimer: Wir \u00fcbernehmen keinerlei Gew\u00e4hr f\u00fcr die Aktualit\u00e4t, Korrektheit, Vollst\u00e4ndigkeit oder Qualit\u00e4t der bereitgestellten Informationen. Datenschutz: Ihre pers\u00f6nlichen Daten werden selbstverst\u00e4ndlich vertraulich behandelt und nicht [&hellip;]<\/p>\n","protected":false},"author":2,"featured_media":0,"parent":0,"menu_order":0,"comment_status":"closed","ping_status":"closed","template":"","meta":{"footnotes":""},"class_list":["post-167","page","type-page","status-publish","hentry"],"_links":{"self":[{"href":"https:\/\/www.stefanmusik.at\/index.php?rest_route=\/wp\/v2\/pages\/167","targetHints":{"allow":["GET"]}}],"collection":[{"href":"https:\/\/www.stefanmusik.at\/index.php?rest_route=\/wp\/v2\/pages"}],"about":[{"href":"https:\/\/www.stefanmusik.at\/index.php?rest_route=\/wp\/v2\/types\/page"}],"author":[{"embeddable":true,"href":"https:\/\/www.stefanmusik.at\/index.php?rest_route=\/wp\/v2\/users\/2"}],"replies":[{"embeddable":true,"href":"https:\/\/www.stefanmusik.at\/index.php?rest_route=%2Fwp%2Fv2%2Fcomments&post=167"}],"version-history":[{"count":6,"href":"https:\/\/www.stefanmusik.at\/index.php?rest_route=\/wp\/v2\/pages\/167\/revisions"}],"predecessor-version":[{"id":187,"href":"https:\/\/www.stefanmusik.at\/index.php?rest_route=\/wp\/v2\/pages\/167\/revisions\/187"}],"wp:attachment":[{"href":"https:\/\/www.stefanmusik.at\/index.php?rest_route=%2Fwp%2Fv2%2Fmedia&parent=167"}],"curies":[{"name":"wp","href":"https:\/\/api.w.org\/{rel}","templated":true}]}}